{"id":195,"date":"2016-08-30T15:36:50","date_gmt":"2016-08-30T15:36:50","guid":{"rendered":"https:\/\/liderautos.com.ec\/?page_id=195"},"modified":"2024-09-23T15:11:56","modified_gmt":"2024-09-23T15:11:56","slug":"nosotros","status":"publish","type":"page","link":"https:\/\/liderautos.com.ec\/index.php\/nosotros\/","title":{"rendered":"Nosotros"},"content":{"rendered":"<div class=\"wpb-content-wrapper\"><p>[vc_row][vc_column][vc_empty_space height=\u00bb0.65em\u00bb]<div id=\"sc_services_1496575795_wrap\" class=\"sc_services_wrap\"><div id=\"sc_services_1496575795\" class=\"sc_services sc_services_style_services-1 sc_services_type_icons arrows_between_columns  margin_top_huge margin_bottom_medium\" style=\"````width:100%;\"><h2 class=\"sc_services_title sc_item_title sc_item_title_without_descr\">\u00bfQue ofrecemos?<\/h2><div class=\"sc_columns columns_wrap\"><div class=\"column-1_4 column_padding_bottom\">\t\t\t<div id=\"sc_services_1496575795_1\"\t\t\t\tclass=\"sc_services_item sc_services_item_1 odd first\"\n\t\t\t\t>\n\t\t\t\t<a href=\"https:\/\/liderautos.com.ec\/index.php\/services\/venta-de-autos-cuenca-guayaquil\/\"><span class=\"sc_icon icon-icon7\"><\/span><\/a>\t\t\t\t<div class=\"sc_services_item_content\">\n\t\t\t\t\t<h4 class=\"sc_services_item_title\"><a href=\"https:\/\/liderautos.com.ec\/index.php\/services\/venta-de-autos-cuenca-guayaquil\/\">Venta de Autos Nuevos y Usados<\/a><\/h4>\n\t\t\t\t\t<div class=\"sc_services_item_description\">\n\t\t\t\t\t\t<p>Encuentra una amplia variedad de veh\u00edculos en perfecto estado, listos para llevarte a tu pr\u00f3ximo destino.<\/p>\t\t\t\t\t<\/div>\n\t\t\t\t<\/div>\n\t\t\t<\/div>\n\t\t<\/div><div class=\"column-1_4 column_padding_bottom\">\t\t\t<div id=\"sc_services_1496575795_2\"\t\t\t\tclass=\"sc_services_item sc_services_item_2 even\"\n\t\t\t\t>\n\t\t\t\t<a href=\"https:\/\/liderautos.com.ec\/index.php\/services\/financiamiento-creditos-venta-de-vehiculos-autos-cuenca-guayaquil\/\"><span class=\"sc_icon icon-icon8\"><\/span><\/a>\t\t\t\t<div class=\"sc_services_item_content\">\n\t\t\t\t\t<h4 class=\"sc_services_item_title\"><a href=\"https:\/\/liderautos.com.ec\/index.php\/services\/financiamiento-creditos-venta-de-vehiculos-autos-cuenca-guayaquil\/\">Financiamiento Personalizado<\/a><\/h4>\n\t\t\t\t\t<div class=\"sc_services_item_description\">\n\t\t\t\t\t\t<p>Te ofrecemos m\u00faltiples opciones de financiamiento adaptadas a tus necesidades para que estrenes auto sin complicaciones.<\/p>\t\t\t\t\t<\/div>\n\t\t\t\t<\/div>\n\t\t\t<\/div>\n\t\t<\/div><div class=\"column-1_4 column_padding_bottom\">\t\t\t<div id=\"sc_services_1496575795_3\"\t\t\t\tclass=\"sc_services_item sc_services_item_3 odd\"\n\t\t\t\t>\n\t\t\t\t<a href=\"https:\/\/liderautos.com.ec\/index.php\/services\/rastreo-satelita-cuenca-guayaquil\/\"><span class=\"sc_icon icon-icon10\"><\/span><\/a>\t\t\t\t<div class=\"sc_services_item_content\">\n\t\t\t\t\t<h4 class=\"sc_services_item_title\"><a href=\"https:\/\/liderautos.com.ec\/index.php\/services\/rastreo-satelita-cuenca-guayaquil\/\">Rastreo Satelital<\/a><\/h4>\n\t\t\t\t\t<div class=\"sc_services_item_description\">\n\t\t\t\t\t\t<p>Mant\u00e9n tu auto siempre localizado con nuestro sistema de rastreo en tiempo real. Ideal para mayor seguridad y tranquilidad en todo momento.<\/p>\t\t\t\t\t<\/div>\n\t\t\t\t<\/div>\n\t\t\t<\/div>\n\t\t<\/div><div class=\"column-1_4 column_padding_bottom\">\t\t\t<div id=\"sc_services_1496575795_4\"\t\t\t\tclass=\"sc_services_item sc_services_item_4 even\"\n\t\t\t\t>\n\t\t\t\t<a href=\"https:\/\/liderautos.com.ec\/index.php\/services\/servicio-tecnico-mantenimiento-cuenca-guayaquil\/\"><span class=\"sc_icon icon-icon9\"><\/span><\/a>\t\t\t\t<div class=\"sc_services_item_content\">\n\t\t\t\t\t<h4 class=\"sc_services_item_title\"><a href=\"https:\/\/liderautos.com.ec\/index.php\/services\/servicio-tecnico-mantenimiento-cuenca-guayaquil\/\">Servicio T\u00e9cnico y Mantenimiento<\/a><\/h4>\n\t\t\t\t\t<div class=\"sc_services_item_description\">\n\t\t\t\t\t\t<p>Cuidamos de tu auto con revisiones peri\u00f3dicas y mantenimiento especializado para asegurar su \u00f3ptimo rendimiento.<\/p>\t\t\t\t\t<\/div>\n\t\t\t\t<\/div>\n\t\t\t<\/div>\n\t\t<\/div><\/div><\/div><!-- \/.sc_services --><\/div><!-- \/.sc_services_wrap -->[vc_empty_space height=\u00bb0.8em\u00bb][\/vc_column][\/vc_row][vc_row full_width=\u00bbstretch_row_content_no_spaces\u00bb css=\u00bb.vc_custom_1472809257034{background-color: #f2f2f2 !important;}\u00bb][vc_column width=\u00bb1\/2&#8243;]<div class=\"sc_section margin_right_medium margin_bottom_null alignright column-4_7\"><div class=\"sc_section_inner\"><div class=\"sc_section_content_wrap\">[vc_empty_space height=\u00bb1.9em\u00bb]<h2 class=\"sc_title sc_title_regular margin_top_large margin_bottom_medium\" style=\"````\">Nuestra misi\u00f3n<\/h2><div class=\"columns_wrap sc_columns columns_nofluid sc_columns_count_7\"><div class=\"column-10_7 sc_column_item sc_column_item_1 odd first span_10\" style=\"````text-align:center;\">[vc_empty_space height=\u00bb1.4em\u00bb]<div class=\"sc_section margin_top_tiny\"><div class=\"sc_section_inner\"><div class=\"sc_section_content_wrap\"><span class=\"sc_icon icon-ok alignleft margin_top_null margin_right_tiny margin_bottom_null\" style=\"display:block;color:#e95f2b;\"><\/span><span class=\"sc_highlight\" style=\"````font-size:1.143em; line-height: 1em;\">En Lider Autos, nuestra misi\u00f3n es ofrecer soluciones integrales para la compra, financiamiento y rastreo de veh\u00edculos, brindando a nuestros clientes en Guayaquil y Cuenca una experiencia confiable, \u00e1gil y personalizada. Nos esforzamos por facilitar el acceso a veh\u00edculos nuevos y usados de alta calidad, acompa\u00f1ando a nuestros clientes en cada paso del proceso con un enfoque en la transparencia y el servicio excepcional.<\/span><\/div><\/div><\/div>[vc_empty_space height=\u00bb0.6em\u00bb][vc_empty_space height=\u00bb0.6em\u00bb][vc_empty_space height=\u00bb0.6em\u00bb]<\/div><\/div><\/div><\/div><\/div>[\/vc_column][vc_column width=\u00bb1\/2&#8243; css=\u00bb.vc_custom_1473059450910{padding-left: 13px !important;}\u00bb]<div id=\"sc_call_to_action_2015534618\" class=\"sc_call_to_action sc_call_to_action_style_1 sc_call_to_action_align_center\" style=\"````width:100%;\"><div class=\"sc_call_to_action_featured\"><img loading=\"lazy\" decoding=\"async\" class=\"wp-post-image\" width=\"945\" height=\"418\" alt=\"2149901423.jpg\" src=\"https:\/\/liderautos.com.ec\/wp-content\/uploads\/2024\/09\/2149901423-945x418.jpg\"><\/div><div class=\"sc_call_to_action_info\"><h2 class=\"sc_call_to_action_title sc_item_title sc_item_title_without_descr\">Autos con Financiamiento y Rastreo Satelital<\/h2><div class=\"sc_call_to_action_buttons sc_item_buttons\"><div class=\"sc_call_to_action_button sc_item_button\"><a href=\"#\" class=\"sc_button sc_button_square sc_button_style_filled sc_button_size_large sc_button_style_dark\">Cont\u00e1ctanos<\/a><\/div><\/div><\/div><\/div>[\/vc_column][\/vc_row][vc_row inverse=\u00bb\u00bb css=\u00bb.vc_custom_1680240815341{margin-top: 6rem !important;margin-bottom: 4rem !important;}\u00bb][vc_column width=\u00bb5\/12&#8243;]<div id=\"sc_testimonials_926549444\" class=\"sc_testimonials sc_testimonials_style_testimonials-1  margin_bottom_small\" style=\"````width:100%;\"><div class=\"sc_slider_swiper swiper-slider-container sc_slider_nopagination sc_slider_nocontrols\" data-interval=\"7109\" data-slides-min-width=\"250\"><div class=\"slides swiper-wrapper\"><div class=\"swiper-slide\" data-style=\"width:100%;\" style=\"width:100%;\">\t\t\t<div id=\"sc_testimonials_926549444_1\" class=\"sc_testimonial_item\">\n\t\t\t\t\t\t\t\t\t<div class=\"sc_testimonial_avatar\"><img loading=\"lazy\" decoding=\"async\" class=\"wp-post-image\" width=\"470\" height=\"152\" alt=\"\u2014 Carlos M., Guayaquil\" src=\"https:\/\/liderautos.com.ec\/wp-content\/uploads\/2016\/08\/a3f646a7-3085-4428-898b-1be709fe1297-470x152.jpg\"><\/div>\n\t\t\t\t\t\t\t\t<div class=\"sc_testimonial_content\"><p>Mi experiencia con Lider Autos fue excelente. El proceso de financiamiento fue r\u00e1pido y sin complicaciones. Adem\u00e1s, el equipo me ayud\u00f3 a encontrar el auto perfecto para m\u00ed. \u00a1Recomendado al 100%!<\/p>\n<\/div>\n\t\t\t\t\t\t\t\t<div class=\"sc_testimonial_author\"><span class=\"sc_testimonial_author_name\">\u2014 Carlos M., Guayaquil<\/span><\/div>\n\t\t\t\t\t\t\t<\/div>\n\t\t<\/div><div class=\"swiper-slide\" data-style=\"width:100%;\" style=\"width:100%;\">\t\t\t<div id=\"sc_testimonials_926549444_2\" class=\"sc_testimonial_item\">\n\t\t\t\t\t\t\t\t\t<div class=\"sc_testimonial_avatar\"><img loading=\"lazy\" decoding=\"async\" class=\"wp-post-image\" width=\"470\" height=\"152\" alt=\"\u2014 Ana P., Cuenca\" src=\"https:\/\/liderautos.com.ec\/wp-content\/uploads\/2016\/08\/47c892b2-df50-4102-877a-edcc11ca31af-470x152.jpg\"><\/div>\n\t\t\t\t\t\t\t\t<div class=\"sc_testimonial_content\"><p>Compr\u00e9 mi primer auto en L\u00edder Autos y no podr\u00eda estar m\u00e1s feliz. Tienen una gran variedad de opciones y los planes de financiamiento son flexibles. Lo mejor es que el rastreo satelital me da mucha tranquilidad.<\/p>\n<\/div>\n\t\t\t\t\t\t\t\t<div class=\"sc_testimonial_author\"><span class=\"sc_testimonial_author_name\">\u2014 Ana P., Cuenca<\/span><\/div>\n\t\t\t\t\t\t\t<\/div>\n\t\t<\/div><\/div><div class=\"sc_slider_controls_wrap\"><a class=\"sc_slider_prev\" href=\"#\"><\/a><a class=\"sc_slider_next\" href=\"#\"><\/a><\/div><div class=\"sc_slider_pagination_wrap\"><\/div><\/div><\/div>[\/vc_column][vc_column width=\u00bb1\/12&#8243;][\/vc_column][vc_column width=\u00bb1\/2&#8243;]<h2 class=\"sc_title sc_title_regular margin_top_null margin_bottom_large\" style=\"````\">nuestra visi\u00f3n<\/h2>[vc_empty_space height=\u00bb0.4em\u00bb][vc_column_text css=\u00bb\u00bb]Ser la empresa l\u00edder en el mercado de venta y financiamiento de veh\u00edculos en Ecuador, reconocida por nuestro compromiso con la satisfacci\u00f3n del cliente, la innovaci\u00f3n en nuestros servicios y la confianza que generamos en cada transacci\u00f3n. Buscamos expandirnos a nivel nacional y convertirnos en el referente de excelencia en el sector automotriz.[\/vc_column_text][\/vc_column][\/vc_row]<\/p>\n<\/div>","protected":false},"excerpt":{"rendered":"<p>[vc_row][vc_column][vc_empty_space height=\u00bb0.65em\u00bb][vc_empty_space height=\u00bb0.8em\u00bb][\/vc_column][\/vc_row][vc_row full_width=\u00bbstretch_row_content_no_spaces\u00bb css=\u00bb.vc_custom_1472809257034{background-color: #f2f2f2 !important;}\u00bb][vc_column width=\u00bb1\/2&#8243;][\/vc_column][vc_column width=\u00bb1\/2&#8243; css=\u00bb.vc_custom_1473059450910{padding-left: 13px !important;}\u00bb][\/vc_column][\/vc_row][vc_row inverse=\u00bb\u00bb css=\u00bb.vc_custom_1680240815341{margin-top: 6rem !important;margin-bottom: 4rem !important;}\u00bb][vc_column width=\u00bb5\/12&#8243;][\/vc_column][vc_column width=\u00bb1\/12&#8243;][\/vc_column][vc_column width=\u00bb1\/2&#8243;][vc_empty_space height=\u00bb0.4em\u00bb][vc_column_text css=\u00bb\u00bb]Ser la empresa l\u00edder en el mercado de venta y financiamiento de veh\u00edculos en Ecuador, reconocida por nuestro compromiso con la satisfacci\u00f3n del cliente, la innovaci\u00f3n en nuestros servicios y la confianza que [&hellip;]<\/p>\n","protected":false},"author":990002,"featured_media":0,"parent":0,"menu_order":0,"comment_status":"closed","ping_status":"closed","template":"","meta":{"footnotes":""},"class_list":["post-195","page","type-page","status-publish","hentry"],"yoast_head":"<!-- This site is optimized with the Yoast SEO plugin v24.9 - https:\/\/yoast.com\/wordpress\/plugins\/seo\/ -->\n<title>Nosotros - Lider Autos<\/title>\n<meta name=\"description\" content=\"Compra autos nuevos y usados en Cuenca y Guayaquil con nuestras opciones de financiamiento flexibles. Vis\u00edtanos para ofertas incre\u00edbles y una experiencia de compra sin complicaciones\" \/>\n<meta name=\"robots\" content=\"index, follow, max-snippet:-1, max-image-preview:large, max-video-preview:-1\" \/>\n<link rel=\"canonical\" href=\"https:\/\/liderautos.com.ec\/index.php\/nosotros\/\" \/>\n<meta property=\"og:locale\" content=\"es_ES\" \/>\n<meta property=\"og:type\" content=\"article\" \/>\n<meta property=\"og:title\" content=\"Nosotros - Lider Autos\" \/>\n<meta property=\"og:description\" content=\"Compra autos nuevos y usados en Cuenca y Guayaquil con nuestras opciones de financiamiento flexibles. Vis\u00edtanos para ofertas incre\u00edbles y una experiencia de compra sin complicaciones\" \/>\n<meta property=\"og:url\" content=\"https:\/\/liderautos.com.ec\/index.php\/nosotros\/\" \/>\n<meta property=\"og:site_name\" content=\"Lider Autos\" \/>\n<meta property=\"article:publisher\" content=\"https:\/\/www.facebook.com\/LiderAutos.com.ec\/\" \/>\n<meta property=\"article:modified_time\" content=\"2024-09-23T15:11:56+00:00\" \/>\n<meta property=\"og:image\" content=\"https:\/\/liderautos.com.ec\/wp-content\/uploads\/2024\/09\/logo-02.png\" \/>\n\t<meta property=\"og:image:width\" content=\"896\" \/>\n\t<meta property=\"og:image:height\" content=\"480\" \/>\n\t<meta property=\"og:image:type\" content=\"image\/png\" \/>\n<meta name=\"twitter:card\" content=\"summary_large_image\" \/>\n<meta name=\"twitter:label1\" content=\"Tiempo de lectura\" \/>\n\t<meta name=\"twitter:data1\" content=\"2 minutos\" \/>\n<script type=\"application\/ld+json\" class=\"yoast-schema-graph\">{\"@context\":\"https:\/\/schema.org\",\"@graph\":[{\"@type\":\"WebPage\",\"@id\":\"https:\/\/liderautos.com.ec\/index.php\/nosotros\/\",\"url\":\"https:\/\/liderautos.com.ec\/index.php\/nosotros\/\",\"name\":\"Nosotros - Lider Autos\",\"isPartOf\":{\"@id\":\"https:\/\/liderautos.com.ec\/#website\"},\"datePublished\":\"2016-08-30T15:36:50+00:00\",\"dateModified\":\"2024-09-23T15:11:56+00:00\",\"description\":\"Compra autos nuevos y usados en Cuenca y Guayaquil con nuestras opciones de financiamiento flexibles. Vis\u00edtanos para ofertas incre\u00edbles y una experiencia de compra sin complicaciones\",\"breadcrumb\":{\"@id\":\"https:\/\/liderautos.com.ec\/index.php\/nosotros\/#breadcrumb\"},\"inLanguage\":\"es\",\"potentialAction\":[{\"@type\":\"ReadAction\",\"target\":[\"https:\/\/liderautos.com.ec\/index.php\/nosotros\/\"]}]},{\"@type\":\"BreadcrumbList\",\"@id\":\"https:\/\/liderautos.com.ec\/index.php\/nosotros\/#breadcrumb\",\"itemListElement\":[{\"@type\":\"ListItem\",\"position\":1,\"name\":\"Portada\",\"item\":\"https:\/\/liderautos.com.ec\/\"},{\"@type\":\"ListItem\",\"position\":2,\"name\":\"Nosotros\"}]},{\"@type\":\"WebSite\",\"@id\":\"https:\/\/liderautos.com.ec\/#website\",\"url\":\"https:\/\/liderautos.com.ec\/\",\"name\":\"Lider Autos\",\"description\":\"\",\"publisher\":{\"@id\":\"https:\/\/liderautos.com.ec\/#organization\"},\"alternateName\":\"LiderAutos\",\"potentialAction\":[{\"@type\":\"SearchAction\",\"target\":{\"@type\":\"EntryPoint\",\"urlTemplate\":\"https:\/\/liderautos.com.ec\/?s={search_term_string}\"},\"query-input\":{\"@type\":\"PropertyValueSpecification\",\"valueRequired\":true,\"valueName\":\"search_term_string\"}}],\"inLanguage\":\"es\"},{\"@type\":\"Organization\",\"@id\":\"https:\/\/liderautos.com.ec\/#organization\",\"name\":\"Lider Autos\",\"alternateName\":\"LiderAutos\",\"url\":\"https:\/\/liderautos.com.ec\/\",\"logo\":{\"@type\":\"ImageObject\",\"inLanguage\":\"es\",\"@id\":\"https:\/\/liderautos.com.ec\/#\/schema\/logo\/image\/\",\"url\":\"https:\/\/liderautos.com.ec\/wp-content\/uploads\/2024\/09\/logo-02.png\",\"contentUrl\":\"https:\/\/liderautos.com.ec\/wp-content\/uploads\/2024\/09\/logo-02.png\",\"width\":896,\"height\":480,\"caption\":\"Lider Autos\"},\"image\":{\"@id\":\"https:\/\/liderautos.com.ec\/#\/schema\/logo\/image\/\"},\"sameAs\":[\"https:\/\/www.facebook.com\/LiderAutos.com.ec\/\",\"https:\/\/www.tiktok.com\/@liderautosec\",\"https:\/\/www.instagram.com\/liderautosecuador\"]}]}<\/script>\n<!-- \/ Yoast SEO plugin. -->","yoast_head_json":{"title":"Nosotros - Lider Autos","description":"Compra autos nuevos y usados en Cuenca y Guayaquil con nuestras opciones de financiamiento flexibles. Vis\u00edtanos para ofertas incre\u00edbles y una experiencia de compra sin complicaciones","robots":{"index":"index","follow":"follow","max-snippet":"max-snippet:-1","max-image-preview":"max-image-preview:large","max-video-preview":"max-video-preview:-1"},"canonical":"https:\/\/liderautos.com.ec\/index.php\/nosotros\/","og_locale":"es_ES","og_type":"article","og_title":"Nosotros - Lider Autos","og_description":"Compra autos nuevos y usados en Cuenca y Guayaquil con nuestras opciones de financiamiento flexibles. Vis\u00edtanos para ofertas incre\u00edbles y una experiencia de compra sin complicaciones","og_url":"https:\/\/liderautos.com.ec\/index.php\/nosotros\/","og_site_name":"Lider Autos","article_publisher":"https:\/\/www.facebook.com\/LiderAutos.com.ec\/","article_modified_time":"2024-09-23T15:11:56+00:00","og_image":[{"width":896,"height":480,"url":"https:\/\/liderautos.com.ec\/wp-content\/uploads\/2024\/09\/logo-02.png","type":"image\/png"}],"twitter_card":"summary_large_image","twitter_misc":{"Tiempo de lectura":"2 minutos"},"schema":{"@context":"https:\/\/schema.org","@graph":[{"@type":"WebPage","@id":"https:\/\/liderautos.com.ec\/index.php\/nosotros\/","url":"https:\/\/liderautos.com.ec\/index.php\/nosotros\/","name":"Nosotros - Lider Autos","isPartOf":{"@id":"https:\/\/liderautos.com.ec\/#website"},"datePublished":"2016-08-30T15:36:50+00:00","dateModified":"2024-09-23T15:11:56+00:00","description":"Compra autos nuevos y usados en Cuenca y Guayaquil con nuestras opciones de financiamiento flexibles. Vis\u00edtanos para ofertas incre\u00edbles y una experiencia de compra sin complicaciones","breadcrumb":{"@id":"https:\/\/liderautos.com.ec\/index.php\/nosotros\/#breadcrumb"},"inLanguage":"es","potentialAction":[{"@type":"ReadAction","target":["https:\/\/liderautos.com.ec\/index.php\/nosotros\/"]}]},{"@type":"BreadcrumbList","@id":"https:\/\/liderautos.com.ec\/index.php\/nosotros\/#breadcrumb","itemListElement":[{"@type":"ListItem","position":1,"name":"Portada","item":"https:\/\/liderautos.com.ec\/"},{"@type":"ListItem","position":2,"name":"Nosotros"}]},{"@type":"WebSite","@id":"https:\/\/liderautos.com.ec\/#website","url":"https:\/\/liderautos.com.ec\/","name":"Lider Autos","description":"","publisher":{"@id":"https:\/\/liderautos.com.ec\/#organization"},"alternateName":"LiderAutos","potentialAction":[{"@type":"SearchAction","target":{"@type":"EntryPoint","urlTemplate":"https:\/\/liderautos.com.ec\/?s={search_term_string}"},"query-input":{"@type":"PropertyValueSpecification","valueRequired":true,"valueName":"search_term_string"}}],"inLanguage":"es"},{"@type":"Organization","@id":"https:\/\/liderautos.com.ec\/#organization","name":"Lider Autos","alternateName":"LiderAutos","url":"https:\/\/liderautos.com.ec\/","logo":{"@type":"ImageObject","inLanguage":"es","@id":"https:\/\/liderautos.com.ec\/#\/schema\/logo\/image\/","url":"https:\/\/liderautos.com.ec\/wp-content\/uploads\/2024\/09\/logo-02.png","contentUrl":"https:\/\/liderautos.com.ec\/wp-content\/uploads\/2024\/09\/logo-02.png","width":896,"height":480,"caption":"Lider Autos"},"image":{"@id":"https:\/\/liderautos.com.ec\/#\/schema\/logo\/image\/"},"sameAs":["https:\/\/www.facebook.com\/LiderAutos.com.ec\/","https:\/\/www.tiktok.com\/@liderautosec","https:\/\/www.instagram.com\/liderautosecuador"]}]}},"_links":{"self":[{"href":"https:\/\/liderautos.com.ec\/index.php\/wp-json\/wp\/v2\/pages\/195","targetHints":{"allow":["GET"]}}],"collection":[{"href":"https:\/\/liderautos.com.ec\/index.php\/wp-json\/wp\/v2\/pages"}],"about":[{"href":"https:\/\/liderautos.com.ec\/index.php\/wp-json\/wp\/v2\/types\/page"}],"author":[{"embeddable":true,"href":"https:\/\/liderautos.com.ec\/index.php\/wp-json\/wp\/v2\/users\/990002"}],"replies":[{"embeddable":true,"href":"https:\/\/liderautos.com.ec\/index.php\/wp-json\/wp\/v2\/comments?post=195"}],"version-history":[{"count":10,"href":"https:\/\/liderautos.com.ec\/index.php\/wp-json\/wp\/v2\/pages\/195\/revisions"}],"predecessor-version":[{"id":1334,"href":"https:\/\/liderautos.com.ec\/index.php\/wp-json\/wp\/v2\/pages\/195\/revisions\/1334"}],"wp:attachment":[{"href":"https:\/\/liderautos.com.ec\/index.php\/wp-json\/wp\/v2\/media?parent=195"}],"curies":[{"name":"wp","href":"https:\/\/api.w.org\/{rel}","templated":true}]}}